{"id":4964,"date":"2026-03-23T11:58:05","date_gmt":"2026-03-23T10:58:05","guid":{"rendered":"https:\/\/tambordelllano.es\/?page_id=4964"},"modified":"2026-03-23T11:58:05","modified_gmt":"2026-03-23T10:58:05","slug":"privacy-policy","status":"publish","type":"page","link":"https:\/\/tambordelllano.es\/en\/politica-de-privacidad\/","title":{"rendered":"Privacy policy"},"content":{"rendered":"<p><strong>Privacy Policy - Personal Data Protection<\/strong><\/p>\n<p><strong>Tambor del Llano<\/strong>, is aware of the importance of the privacy of personal data and has therefore implemented a data processing policy aimed at providing maximum security in the use and collection of such data, guaranteeing compliance with current legislation on the subject and making this policy one of the basic pillars in the organisation's lines of action.<\/p>\n<p>While browsing through the website <a href=\"https:\/\/tambordelllano.es\/en\/\">https:\/\/www.tambordelllano.es<\/a> it is possible that personal data may be requested through different forms or links to e-mail clients provided for this purpose. Said data will form part of the relevant files depending on the specific and specific purpose for which they are collected. The user gives express, free and unequivocal consent to the collection and processing of their data by the owner or owners of the site.<\/p>\n<p>In this way, the particular information of each data processing will be provided together with the web forms or link to e-mail, being common to all of them the person responsible for the file and the specific place for the exercise of the rights of access, rectification, cancellation and opposition, which must be formalised by means of a written communication to the following address <span id=\"cloak87a01c114a5e8d6dc9f050371a9028a6\"><span id=\"cloakc8f70cc8bdf7fa004781152059ac9816\"><a href=\"mailto:info@tambordelllano.es\">info@tambordelllano.es<\/a><\/span><\/span>, including a copy of the ID card or equivalent identification document.<\/p>\n<p>In the event that you provide your data through an e-mail message, it will form part of a file whose purpose will be to manage the application, request or comment that you make to us, with the rest of the points indicated in the previous paragraph being applicable.<\/p>\n<p>The data will not be transferred to third parties under any circumstances, with the sole exception of the provisions of current legislation.<\/p>\n<p>The collection of personal data is carried out for the purpose of providing the information service, as well as to improve the service, newsletters, send advertising of products and services, notices, offers and, in general, commercial information of interest related to the goods and services offered through the site.<\/p>\n<p>The headline\u00a0<a href=\"https:\/\/tambordelllano.es\/en\/\">https:\/\/www.tambordelllano.es<\/a> reserves the right to modify this privacy statement at any time. Your continued use of any portion of this site following notification or posting of such modifications will constitute acceptance of such changes.<\/p>\n<p>On the other hand, Tambor del LLano has implemented the necessary technical and organisational measures to prevent the loss, misuse, alteration, unauthorised access and theft of the Personal Data that interested parties may provide as a result of accessing the different sections of the Website.\u00a0<a href=\"https:\/\/tambordelllano.es\/en\/\">https:\/\/www.tambordelllano.es<\/a> ,The security measures provided for in Royal Decree 1720\/2007, of 21 December, which approves the Regulation implementing Organic Law 15\/1999, of 13 December, are being applied by the Ministry of Defence, in accordance with the provisions of Royal Decree 1720\/2007, of 21 December, which approves the Regulation implementing Organic Law 15\/1999, of 13 December.<\/p>","protected":false},"excerpt":{"rendered":"<p>Pol\u00edtica de Privacidad &#8211; Protecci\u00f3n de Datos de Car\u00e1cter Personal Tambor del Llano, es consciente de la importancia de la privacidad de los datos de car\u00e1cter personal y por ello, [&hellip;]<\/p>\n","protected":false},"author":1,"featured_media":0,"parent":0,"menu_order":0,"comment_status":"closed","ping_status":"closed","template":"","meta":{"_joinchat":[],"footnotes":""},"class_list":["post-4964","page","type-page","status-publish","hentry"],"yoast_head":"<!-- This site is optimized with the Yoast SEO Premium plugin v27.3 (Yoast SEO v27.3) - https:\/\/yoast.com\/product\/yoast-seo-premium-wordpress\/ -->\n<title>Pol\u00edtica de privacidad - Tambor del Llano<\/title>\n<meta name=\"robots\" content=\"index, follow, max-snippet:-1, max-image-preview:large, max-video-preview:-1\" \/>\n<link rel=\"canonical\" href=\"https:\/\/tambordelllano.es\/en\/privacy-policy\/\" \/>\n<meta property=\"og:locale\" content=\"en_GB\" \/>\n<meta property=\"og:type\" content=\"article\" \/>\n<meta property=\"og:title\" content=\"Pol\u00edtica de privacidad\" \/>\n<meta property=\"og:description\" content=\"Pol\u00edtica de Privacidad &#8211; Protecci\u00f3n de Datos de Car\u00e1cter Personal Tambor del Llano, es consciente de la importancia de la privacidad de los datos de car\u00e1cter personal y por ello, [&hellip;]\" \/>\n<meta property=\"og:url\" content=\"https:\/\/tambordelllano.es\/en\/privacy-policy\/\" \/>\n<meta property=\"og:site_name\" content=\"Tambor del Llano\" \/>\n<meta name=\"twitter:card\" content=\"summary_large_image\" \/>\n<script type=\"application\/ld+json\" class=\"yoast-schema-graph\">{\"@context\":\"https:\\\/\\\/schema.org\",\"@graph\":[{\"@type\":\"WebPage\",\"@id\":\"https:\\\/\\\/tambordelllano.es\\\/politica-de-privacidad\\\/\",\"url\":\"https:\\\/\\\/tambordelllano.es\\\/politica-de-privacidad\\\/\",\"name\":\"Pol\u00edtica de privacidad - Tambor del Llano\",\"isPartOf\":{\"@id\":\"https:\\\/\\\/tambordelllano.es\\\/#website\"},\"datePublished\":\"2026-03-23T10:58:05+00:00\",\"breadcrumb\":{\"@id\":\"https:\\\/\\\/tambordelllano.es\\\/politica-de-privacidad\\\/#breadcrumb\"},\"inLanguage\":\"en-GB\",\"potentialAction\":[{\"@type\":\"ReadAction\",\"target\":[\"https:\\\/\\\/tambordelllano.es\\\/politica-de-privacidad\\\/\"]}]},{\"@type\":\"BreadcrumbList\",\"@id\":\"https:\\\/\\\/tambordelllano.es\\\/politica-de-privacidad\\\/#breadcrumb\",\"itemListElement\":[{\"@type\":\"ListItem\",\"position\":1,\"name\":\"Portada\",\"item\":\"https:\\\/\\\/tambordelllano.es\\\/home\\\/\"},{\"@type\":\"ListItem\",\"position\":2,\"name\":\"Pol\u00edtica de privacidad\"}]},{\"@type\":\"WebSite\",\"@id\":\"https:\\\/\\\/tambordelllano.es\\\/#website\",\"url\":\"https:\\\/\\\/tambordelllano.es\\\/\",\"name\":\"Tambor del Llano\",\"description\":\"Alojamiento rural en Grazalema\",\"publisher\":{\"@id\":\"https:\\\/\\\/tambordelllano.es\\\/#organization\"},\"potentialAction\":[{\"@type\":\"SearchAction\",\"target\":{\"@type\":\"EntryPoint\",\"urlTemplate\":\"https:\\\/\\\/tambordelllano.es\\\/?s={search_term_string}\"},\"query-input\":{\"@type\":\"PropertyValueSpecification\",\"valueRequired\":true,\"valueName\":\"search_term_string\"}}],\"inLanguage\":\"en-GB\"},{\"@type\":[\"Organization\",\"Place\"],\"@id\":\"https:\\\/\\\/tambordelllano.es\\\/#organization\",\"name\":\"Tambor del Llano\",\"url\":\"https:\\\/\\\/tambordelllano.es\\\/\",\"logo\":{\"@id\":\"https:\\\/\\\/tambordelllano.es\\\/politica-de-privacidad\\\/#local-main-organization-logo\"},\"image\":{\"@id\":\"https:\\\/\\\/tambordelllano.es\\\/politica-de-privacidad\\\/#local-main-organization-logo\"},\"sameAs\":[\"https:\\\/\\\/www.instagram.com\\\/tambordelllano\\\/\"],\"description\":\"Alojamiento rural en Grazalema\",\"legalName\":\"Tambor del Llano\",\"address\":{\"@id\":\"https:\\\/\\\/tambordelllano.es\\\/politica-de-privacidad\\\/#local-main-place-address\"},\"geo\":{\"@type\":\"GeoCoordinates\",\"latitude\":\"364454.5\",\"longitude\":\"51953.2\"},\"telephone\":[\"674484885\"],\"contactPoint\":{\"@type\":\"ContactPoint\",\"telephone\":\"674484885\",\"email\":\"info@tambordelllano.es\"},\"openingHoursSpecification\":[{\"@type\":\"OpeningHoursSpecification\",\"dayOfWeek\":[\"Monday\",\"Tuesday\",\"Wednesday\",\"Thursday\",\"Friday\",\"Saturday\",\"Sunday\"],\"opens\":\"09:00\",\"closes\":\"17:00\"}],\"email\":\"info@tambordelllano.es\",\"vatID\":\"Registro Turismo Andaluc\u00eda RTA : H\\\/CA\\\/01403\"},{\"@type\":\"PostalAddress\",\"@id\":\"https:\\\/\\\/tambordelllano.es\\\/politica-de-privacidad\\\/#local-main-place-address\",\"streetAddress\":\"Alto de Los Alamillos. Ca\u00f1ada Grande\",\"addressLocality\":\"Grazalema\",\"postalCode\":\"11610\",\"addressCountry\":\"ES\"},{\"@type\":\"ImageObject\",\"inLanguage\":\"en-GB\",\"@id\":\"https:\\\/\\\/tambordelllano.es\\\/politica-de-privacidad\\\/#local-main-organization-logo\",\"url\":\"https:\\\/\\\/tambordelllano.es\\\/wp-content\\\/uploads\\\/2024\\\/07\\\/logo_horizontal-1.svg\",\"contentUrl\":\"https:\\\/\\\/tambordelllano.es\\\/wp-content\\\/uploads\\\/2024\\\/07\\\/logo_horizontal-1.svg\",\"caption\":\"Tambor del Llano\"}]}<\/script>\n<meta name=\"geo.placename\" content=\"Grazalema\" \/>\n<meta name=\"geo.position\" content=\"364454.5;51953.2\" \/>\n<meta name=\"geo.region\" content=\"Spain\" \/>\n<!-- \/ Yoast SEO Premium plugin. -->","yoast_head_json":{"title":"Privacy policy - Tambor del Llano","robots":{"index":"index","follow":"follow","max-snippet":"max-snippet:-1","max-image-preview":"max-image-preview:large","max-video-preview":"max-video-preview:-1"},"canonical":"https:\/\/tambordelllano.es\/en\/privacy-policy\/","og_locale":"en_GB","og_type":"article","og_title":"Pol\u00edtica de privacidad","og_description":"Pol\u00edtica de Privacidad &#8211; Protecci\u00f3n de Datos de Car\u00e1cter Personal Tambor del Llano, es consciente de la importancia de la privacidad de los datos de car\u00e1cter personal y por ello, [&hellip;]","og_url":"https:\/\/tambordelllano.es\/en\/privacy-policy\/","og_site_name":"Tambor del Llano","twitter_card":"summary_large_image","schema":{"@context":"https:\/\/schema.org","@graph":[{"@type":"WebPage","@id":"https:\/\/tambordelllano.es\/politica-de-privacidad\/","url":"https:\/\/tambordelllano.es\/politica-de-privacidad\/","name":"Privacy policy - Tambor del Llano","isPartOf":{"@id":"https:\/\/tambordelllano.es\/#website"},"datePublished":"2026-03-23T10:58:05+00:00","breadcrumb":{"@id":"https:\/\/tambordelllano.es\/politica-de-privacidad\/#breadcrumb"},"inLanguage":"en-GB","potentialAction":[{"@type":"ReadAction","target":["https:\/\/tambordelllano.es\/politica-de-privacidad\/"]}]},{"@type":"BreadcrumbList","@id":"https:\/\/tambordelllano.es\/politica-de-privacidad\/#breadcrumb","itemListElement":[{"@type":"ListItem","position":1,"name":"Portada","item":"https:\/\/tambordelllano.es\/home\/"},{"@type":"ListItem","position":2,"name":"Pol\u00edtica de privacidad"}]},{"@type":"WebSite","@id":"https:\/\/tambordelllano.es\/#website","url":"https:\/\/tambordelllano.es\/","name":"Tambor del Llano","description":"Rural accommodation in Grazalema","publisher":{"@id":"https:\/\/tambordelllano.es\/#organization"},"potentialAction":[{"@type":"SearchAction","target":{"@type":"EntryPoint","urlTemplate":"https:\/\/tambordelllano.es\/?s={search_term_string}"},"query-input":{"@type":"PropertyValueSpecification","valueRequired":true,"valueName":"search_term_string"}}],"inLanguage":"en-GB"},{"@type":["Organization","Place"],"@id":"https:\/\/tambordelllano.es\/#organization","name":"Tambor del Llano","url":"https:\/\/tambordelllano.es\/","logo":{"@id":"https:\/\/tambordelllano.es\/politica-de-privacidad\/#local-main-organization-logo"},"image":{"@id":"https:\/\/tambordelllano.es\/politica-de-privacidad\/#local-main-organization-logo"},"sameAs":["https:\/\/www.instagram.com\/tambordelllano\/"],"description":"Rural accommodation in Grazalema","legalName":"Tambor del Llano","address":{"@id":"https:\/\/tambordelllano.es\/politica-de-privacidad\/#local-main-place-address"},"geo":{"@type":"GeoCoordinates","latitude":"364454.5","longitude":"51953.2"},"telephone":["674484885"],"contactPoint":{"@type":"ContactPoint","telephone":"674484885","email":"info@tambordelllano.es"},"openingHoursSpecification":[{"@type":"OpeningHoursSpecification","dayOfWeek":["Monday","Tuesday","Wednesday","Thursday","Friday","Saturday","Sunday"],"opens":"09:00","closes":"17:00"}],"email":"info@tambordelllano.es","vatID":"Registro Turismo Andaluc\u00eda RTA : H\/CA\/01403"},{"@type":"PostalAddress","@id":"https:\/\/tambordelllano.es\/politica-de-privacidad\/#local-main-place-address","streetAddress":"Alto de Los Alamillos. Ca\u00f1ada Grande","addressLocality":"Grazalema","postalCode":"11610","addressCountry":"ES"},{"@type":"ImageObject","inLanguage":"en-GB","@id":"https:\/\/tambordelllano.es\/politica-de-privacidad\/#local-main-organization-logo","url":"https:\/\/tambordelllano.es\/wp-content\/uploads\/2024\/07\/logo_horizontal-1.svg","contentUrl":"https:\/\/tambordelllano.es\/wp-content\/uploads\/2024\/07\/logo_horizontal-1.svg","caption":"Tambor del Llano"}]},"geo.placename":"Grazalema","geo.position":{"lat":"364454.5","long":"51953.2"},"geo.region":"Spain"},"_links":{"self":[{"href":"https:\/\/tambordelllano.es\/en\/wp-json\/wp\/v2\/pages\/4964","targetHints":{"allow":["GET"]}}],"collection":[{"href":"https:\/\/tambordelllano.es\/en\/wp-json\/wp\/v2\/pages"}],"about":[{"href":"https:\/\/tambordelllano.es\/en\/wp-json\/wp\/v2\/types\/page"}],"author":[{"embeddable":true,"href":"https:\/\/tambordelllano.es\/en\/wp-json\/wp\/v2\/users\/1"}],"replies":[{"embeddable":true,"href":"https:\/\/tambordelllano.es\/en\/wp-json\/wp\/v2\/comments?post=4964"}],"version-history":[{"count":2,"href":"https:\/\/tambordelllano.es\/en\/wp-json\/wp\/v2\/pages\/4964\/revisions"}],"predecessor-version":[{"id":4966,"href":"https:\/\/tambordelllano.es\/en\/wp-json\/wp\/v2\/pages\/4964\/revisions\/4966"}],"wp:attachment":[{"href":"https:\/\/tambordelllano.es\/en\/wp-json\/wp\/v2\/media?parent=4964"}],"curies":[{"name":"wp","href":"https:\/\/api.w.org\/{rel}","templated":true}]}}